{"id":159,"date":"2020-12-03T16:59:07","date_gmt":"2020-12-03T15:59:07","guid":{"rendered":"http:\/\/pan-wogenscky.com\/en\/?page_id=159"},"modified":"2021-06-07T12:12:25","modified_gmt":"2021-06-07T10:12:25","slug":"contact-access","status":"publish","type":"page","link":"https:\/\/pan-wogenscky.com\/en\/contact-access\/","title":{"rendered":"Contact &#038; Access"},"content":{"rendered":"\n<h1 class=\"wp-block-heading\">Contact &amp; Access<\/h1>\n\n\n\n<p><strong>Foundation Marta Pan \u2013 Andr\u00e9 Wogenscky<\/strong><br>80 avenue du G\u00e9n\u00e9ral Leclerc<br>78470 Saint-R\u00e9my-l\u00e8s-Chevreuse France<\/p>\n\n\n\n<p><strong>Contact<\/strong><br><a href=\"mailto:fondation.mpaw@gmail.com\">fondation.mpaw@gmail.com<\/a><\/p>\n\n\n\n<p><strong>RER<\/strong><br>From the center of Paris: RER B sud, Saint-R\u00e9my-l\u00e8s-Chevreuse train station, and 10 minutes walk via rue de la R\u00e9publique, rue des Ecoles and avenue du G\u00e9n\u00e9ral Leclerc.<\/p>\n\n\n\n<p><strong>Your message<\/strong><\/p>\n\n\n<div role=\"form\" class=\"wpcf7\" id=\"wpcf7-f158-o1\" lang=\"fr-FR\" dir=\"ltr\">\n<div class=\"screen-reader-response\" role=\"alert\" aria-live=\"polite\"><\/div>\n<form action=\"\/en\/wp-json\/wp\/v2\/pages\/159#wpcf7-f158-o1\" method=\"post\" class=\"wpcf7-form init\" novalidate=\"novalidate\">\n<div style=\"display: none;\">\n<input type=\"hidden\" name=\"_wpcf7\" value=\"158\" \/>\n<input type=\"hidden\" name=\"_wpcf7_version\" value=\"5.2\" \/>\n<input type=\"hidden\" name=\"_wpcf7_locale\" value=\"fr_FR\" \/>\n<input type=\"hidden\" name=\"_wpcf7_unit_tag\" value=\"wpcf7-f158-o1\" \/>\n<input type=\"hidden\" name=\"_wpcf7_container_post\" value=\"0\" \/>\n<input type=\"hidden\" name=\"_wpcf7_posted_data_hash\" value=\"\" \/>\n<\/div>\n<div class=\"classic-contact-form\">\n<p><label> Your name <span>*<\/span><\/label><br \/>\n    <span class=\"wpcf7-form-control-wrap your-name\"><input type=\"text\" name=\"your-name\" value=\"\" size=\"40\" class=\"wpcf7-form-control wpcf7-text wpcf7-validates-as-required\" aria-required=\"true\" aria-invalid=\"false\" \/><\/span><\/p>\n<p><label> Your email address <span>*<\/span><\/label><br \/>\n    <span class=\"wpcf7-form-control-wrap your-email\"><input type=\"email\" name=\"your-email\" value=\"\" size=\"40\" class=\"wpcf7-form-control wpcf7-text wpcf7-email wpcf7-validates-as-required wpcf7-validates-as-email\" aria-required=\"true\" aria-invalid=\"false\" \/><\/span><\/p>\n<p><label> Your phone number<\/label><br \/>\n    <span class=\"wpcf7-form-control-wrap tel-contact\"><input type=\"tel\" name=\"tel-contact\" value=\"\" size=\"40\" class=\"wpcf7-form-control wpcf7-text wpcf7-tel wpcf7-validates-as-tel\" aria-invalid=\"false\" \/><\/span> <\/p>\n<p><label> Your message<\/label><br \/>\n    <span class=\"wpcf7-form-control-wrap your-message\"><textarea name=\"your-message\" cols=\"40\" rows=\"10\" class=\"wpcf7-form-control wpcf7-textarea\" aria-invalid=\"false\"><\/textarea><\/span><\/p>\n<p><input type=\"submit\" value=\"Send\" class=\"wpcf7-form-control wpcf7-submit\" \/><\/p>\n<p><label class=\"small\"><span>* <\/span>Required fields<\/label><\/p>\n<\/div>\n<div class=\"wpcf7-response-output\" role=\"alert\" aria-hidden=\"true\"><\/div><\/form><\/div>\n","protected":false},"excerpt":{"rendered":"<p>Contact &amp; Access Foundation Marta Pan \u2013 Andr\u00e9 Wogenscky80 avenue du G\u00e9n\u00e9ral Leclerc78470 Saint-R\u00e9my-l\u00e8s-Chevreuse France Contactfondation.mpaw@gmail.com RERFrom the center of Paris: RER B sud, Saint-R\u00e9my-l\u00e8s-Chevreuse train<span class=\"excerpt-hellip\"> [\u2026]<\/span><\/p>\n","protected":false},"author":1,"featured_media":0,"parent":0,"menu_order":0,"comment_status":"closed","ping_status":"closed","template":"","meta":{"_monsterinsights_skip_tracking":false,"_monsterinsights_sitenote_active":false,"_monsterinsights_sitenote_note":"","_monsterinsights_sitenote_category":0,"footnotes":""},"class_list":["post-159","page","type-page","status-publish","hentry"],"_links":{"self":[{"href":"https:\/\/pan-wogenscky.com\/en\/wp-json\/wp\/v2\/pages\/159","targetHints":{"allow":["GET"]}}],"collection":[{"href":"https:\/\/pan-wogenscky.com\/en\/wp-json\/wp\/v2\/pages"}],"about":[{"href":"https:\/\/pan-wogenscky.com\/en\/wp-json\/wp\/v2\/types\/page"}],"author":[{"embeddable":true,"href":"https:\/\/pan-wogenscky.com\/en\/wp-json\/wp\/v2\/users\/1"}],"replies":[{"embeddable":true,"href":"https:\/\/pan-wogenscky.com\/en\/wp-json\/wp\/v2\/comments?post=159"}],"version-history":[{"count":8,"href":"https:\/\/pan-wogenscky.com\/en\/wp-json\/wp\/v2\/pages\/159\/revisions"}],"predecessor-version":[{"id":300,"href":"https:\/\/pan-wogenscky.com\/en\/wp-json\/wp\/v2\/pages\/159\/revisions\/300"}],"wp:attachment":[{"href":"https:\/\/pan-wogenscky.com\/en\/wp-json\/wp\/v2\/media?parent=159"}],"curies":[{"name":"wp","href":"https:\/\/api.w.org\/{rel}","templated":true}]}}